{"id":380,"date":"2025-05-05T01:45:38","date_gmt":"2025-05-05T01:45:38","guid":{"rendered":"https:\/\/anasafi.com\/mod\/?page_id=380"},"modified":"2025-05-05T02:09:45","modified_gmt":"2025-05-05T02:09:45","slug":"quienes-somos","status":"publish","type":"page","link":"https:\/\/anasafi.com\/mod\/quienes-somos\/","title":{"rendered":"\u00bfQui\u00e9nes somos?"},"content":{"rendered":"\t\t<div data-elementor-type=\"wp-page\" data-elementor-id=\"380\" class=\"elementor elementor-380\">\n\t\t\t\t<div class=\"elementor-element elementor-element-4580770 e-flex e-con-boxed wpr-particle-no wpr-jarallax-no wpr-parallax-no wpr-sticky-section-no e-con e-parent\" data-id=\"4580770\" data-element_type=\"container\" data-settings=\"{&quot;background_background&quot;:&quot;classic&quot;}\">\n\t\t\t\t\t<div class=\"e-con-inner\">\n\t\t\t\t<div class=\"elementor-element elementor-element-6000fc1 elementor-widget elementor-widget-heading\" data-id=\"6000fc1\" data-element_type=\"widget\" data-widget_type=\"heading.default\">\n\t\t\t\t<div class=\"elementor-widget-container\">\n\t\t\t\t\t<h2 class=\"elementor-heading-title elementor-size-default\">\u00bfQui\u00e9nes somos?<\/h2>\t\t\t\t<\/div>\n\t\t\t\t<\/div>\n\t\t\t\t\t<\/div>\n\t\t\t\t<\/div>\n\t\t<div class=\"elementor-element elementor-element-ac6f6ce e-flex e-con-boxed wpr-particle-no wpr-jarallax-no wpr-parallax-no wpr-sticky-section-no e-con e-parent\" data-id=\"ac6f6ce\" data-element_type=\"container\">\n\t\t\t\t\t<div class=\"e-con-inner\">\n\t\t<div class=\"elementor-element elementor-element-cab6517 e-con-full e-flex wpr-particle-no wpr-jarallax-no wpr-parallax-no wpr-sticky-section-no e-con e-child\" data-id=\"cab6517\" data-element_type=\"container\">\n\t\t\t\t<div class=\"elementor-element elementor-element-b3f8466 elementor-widget elementor-widget-text-editor\" data-id=\"b3f8466\" data-element_type=\"widget\" data-widget_type=\"text-editor.default\">\n\t\t\t\t<div class=\"elementor-widget-container\">\n\t\t\t\t\t\t\t\t\t<p data-start=\"211\" data-end=\"456\"><strong data-start=\"211\" data-end=\"222\">ANASAFI<\/strong> es un sistema de gesti\u00f3n empresarial desarrollado en Ecuador, dise\u00f1ado para facilitar y optimizar la administraci\u00f3n de negocios a trav\u00e9s de soluciones tecnol\u00f3gicas confiables, \u00e1giles y totalmente adaptadas a la normativa ecuatoriana.<\/p><p data-start=\"211\" data-end=\"456\">Con m\u00e1s de 12 a\u00f1os de experiencia en el mercado, ANASAFI ha sido implementado exitosamente por instituciones y negocios que buscan cumplir con las disposiciones del Servicio de Rentas Internas (SRI), emitir documentos electr\u00f3nicos autorizados y mantener una administraci\u00f3n financiera clara, eficiente y segura<\/p>\t\t\t\t\t\t\t\t<\/div>\n\t\t\t\t<\/div>\n\t\t\t\t<\/div>\n\t\t<div class=\"elementor-element elementor-element-d2a2650 e-con-full e-flex wpr-particle-no wpr-jarallax-no wpr-parallax-no wpr-sticky-section-no e-con e-child\" data-id=\"d2a2650\" data-element_type=\"container\">\n\t\t\t\t<div class=\"elementor-element elementor-element-b6df184 elementor-widget elementor-widget-image\" data-id=\"b6df184\" data-element_type=\"widget\" data-widget_type=\"image.default\">\n\t\t\t\t<div class=\"elementor-widget-container\">\n\t\t\t\t\t\t\t\t\t\t\t\t\t\t\t<img fetchpriority=\"high\" decoding=\"async\" width=\"800\" height=\"534\" src=\"https:\/\/anasafi.com\/mod\/wp-content\/uploads\/2025\/03\/pexels-tima-miroshnichenko-6694529-1024x683.jpg\" class=\"attachment-large size-large wp-image-247\" alt=\"\" srcset=\"https:\/\/anasafi.com\/mod\/wp-content\/uploads\/2025\/03\/pexels-tima-miroshnichenko-6694529-1024x683.jpg 1024w, https:\/\/anasafi.com\/mod\/wp-content\/uploads\/2025\/03\/pexels-tima-miroshnichenko-6694529-300x200.jpg 300w, https:\/\/anasafi.com\/mod\/wp-content\/uploads\/2025\/03\/pexels-tima-miroshnichenko-6694529-768x512.jpg 768w, https:\/\/anasafi.com\/mod\/wp-content\/uploads\/2025\/03\/pexels-tima-miroshnichenko-6694529-1536x1024.jpg 1536w, https:\/\/anasafi.com\/mod\/wp-content\/uploads\/2025\/03\/pexels-tima-miroshnichenko-6694529.jpg 1920w\" sizes=\"(max-width: 800px) 100vw, 800px\" \/>\t\t\t\t\t\t\t\t\t\t\t\t\t\t\t<\/div>\n\t\t\t\t<\/div>\n\t\t\t\t<\/div>\n\t\t\t\t\t<\/div>\n\t\t\t\t<\/div>\n\t\t<div class=\"elementor-element elementor-element-57010b1 e-flex e-con-boxed wpr-particle-no wpr-jarallax-no wpr-parallax-no wpr-sticky-section-no e-con e-parent\" data-id=\"57010b1\" data-element_type=\"container\">\n\t\t\t\t\t<div class=\"e-con-inner\">\n\t\t\t\t<div class=\"elementor-element elementor-element-fd028d1 elementor-widget elementor-widget-text-editor\" data-id=\"fd028d1\" data-element_type=\"widget\" data-widget_type=\"text-editor.default\">\n\t\t\t\t<div class=\"elementor-widget-container\">\n\t\t\t\t\t\t\t\t\t<p>Nos especializamos en ofrecer una plataforma que integra <strong data-start=\"827\" data-end=\"854\">facturaci\u00f3n electr\u00f3nica<\/strong>, control de inventario, gesti\u00f3n de cuentas por cobrar y pagar, reportes financieros, y mucho m\u00e1s. Adem\u00e1s, nuestra propuesta de valor incluye <strong data-start=\"996\" data-end=\"1031\">asesor\u00eda jur\u00eddica especializada<\/strong>, que gu\u00eda a nuestros clientes en el cumplimiento de la normativa tributaria, societaria y legal vigente en el pa\u00eds.<\/p><p>En ANASAFI creemos en el poder de la tecnolog\u00eda como motor para el crecimiento de los negocios. Por eso, trabajamos junto a nuestros clientes para brindar herramientas pr\u00e1cticas, asesor\u00eda integral y acompa\u00f1amiento constante.<\/p>\t\t\t\t\t\t\t\t<\/div>\n\t\t\t\t<\/div>\n\t\t\t\t\t<\/div>\n\t\t\t\t<\/div>\n\t\t\t\t<\/div>\n\t\t","protected":false},"excerpt":{"rendered":"<p>\u00bfQui\u00e9nes somos? ANASAFI es un sistema de gesti\u00f3n empresarial desarrollado en Ecuador, dise\u00f1ado para facilitar y optimizar la administraci\u00f3n de negocios a trav\u00e9s de soluciones tecnol\u00f3gicas confiables, \u00e1giles y totalmente adaptadas a la normativa ecuatoriana. Con m\u00e1s de 12 a\u00f1os de experiencia en el mercado, ANASAFI ha sido implementado exitosamente por instituciones y negocios que buscan cumplir con las disposiciones del Servicio de Rentas Internas (SRI), emitir documentos electr\u00f3nicos autorizados y mantener una administraci\u00f3n financiera clara, eficiente y segura Nos especializamos en ofrecer una plataforma que integra facturaci\u00f3n electr\u00f3nica, control de inventario, gesti\u00f3n de cuentas por cobrar y pagar, reportes financieros, y mucho m\u00e1s. Adem\u00e1s, nuestra propuesta de valor incluye asesor\u00eda jur\u00eddica especializada, que gu\u00eda a nuestros clientes en el cumplimiento de la normativa tributaria, societaria y legal vigente en el pa\u00eds. En ANASAFI creemos en el poder de la tecnolog\u00eda como motor para el crecimiento de los negocios. Por eso, trabajamos junto a nuestros clientes para brindar herramientas pr\u00e1cticas, asesor\u00eda integral y acompa\u00f1amiento constante.<\/p>\n","protected":false},"author":1,"featured_media":0,"parent":0,"menu_order":0,"comment_status":"closed","ping_status":"closed","template":"","meta":{"footnotes":""},"class_list":["post-380","page","type-page","status-publish","hentry"],"_links":{"self":[{"href":"https:\/\/anasafi.com\/mod\/wp-json\/wp\/v2\/pages\/380","targetHints":{"allow":["GET"]}}],"collection":[{"href":"https:\/\/anasafi.com\/mod\/wp-json\/wp\/v2\/pages"}],"about":[{"href":"https:\/\/anasafi.com\/mod\/wp-json\/wp\/v2\/types\/page"}],"author":[{"embeddable":true,"href":"https:\/\/anasafi.com\/mod\/wp-json\/wp\/v2\/users\/1"}],"replies":[{"embeddable":true,"href":"https:\/\/anasafi.com\/mod\/wp-json\/wp\/v2\/comments?post=380"}],"version-history":[{"count":10,"href":"https:\/\/anasafi.com\/mod\/wp-json\/wp\/v2\/pages\/380\/revisions"}],"predecessor-version":[{"id":391,"href":"https:\/\/anasafi.com\/mod\/wp-json\/wp\/v2\/pages\/380\/revisions\/391"}],"wp:attachment":[{"href":"https:\/\/anasafi.com\/mod\/wp-json\/wp\/v2\/media?parent=380"}],"curies":[{"name":"wp","href":"https:\/\/api.w.org\/{rel}","templated":true}]}}